{"id":828,"date":"2023-08-04T23:23:32","date_gmt":"2023-08-04T20:23:32","guid":{"rendered":"https:\/\/mars-grup.com\/?page_id=828"},"modified":"2025-07-04T22:43:31","modified_gmt":"2025-07-04T19:43:31","slug":"iletisim","status":"publish","type":"page","link":"https:\/\/mars-grup.com\/ar\/iletisim\/","title":{"rendered":"\u0627\u062a\u0635\u0627\u0644"},"content":{"rendered":"<section class=\"wpb-content-wrapper\"><p>[vc_row css=&#8221;.vc_custom_1561411833155{margin-top: 40px !important;padding-bottom: 20px !important;}&#8221;][vc_column]<h4 class='heading-content  style-1' ><span>\u0627\u062a\u0635\u0627\u0644<\/span><\/h4>[vc_empty_space height=&#8221;15px&#8221;][vc_column_text css_animation=&#8221;fadeInLeft&#8221;]<\/p>\n<h2 class=\"qrShPb pXs6bb PZPZlf q8U8x aTI8gc hNKfZe\" data-dtype=\"d3ifr\" data-local-attribute=\"d3bn\" data-attrid=\"title\" data-ved=\"2ahUKEwji1f2i2sOAAxXYcfEDHbdZAiEQ3B0oAXoECEgQAg\"><strong>MARS GRUP GIDA SAN.T\u0130C.A.\u015e.<\/strong><\/h2>\n<p><strong>Adres:<\/strong>\u00a03.OSB, 10. yol no 73, 54160 Sakarya 3. Organize Sanayi B\u00f6lgesi\/S\u00f6\u011f\u00fctl\u00fc\/Sakarya<\/p>\n<p><strong>Telefon:<\/strong>\u00a0+90 (264) 502 10 22<\/p>\n<p><strong>Telefon:<\/strong>\u00a0+90 (501) 130 88 67<\/p>\n<p><b>E-Mail :\u00a0<\/b>\u00a0cosku@mars-grup.com[\/vc_column_text][vc_empty_space][vc_column_text]<strong>&#8220;\u0627\u0645\u062a\u062f\u0627\u062f\u0627\u062a \u0627\u0644\u0628\u0631\u064a\u062f \u0627\u0644\u0625\u0644\u0643\u062a\u0631\u0648\u0646\u064a \u0627\u0644\u062a\u0627\u0628\u0639\u0629 \u0644\u0645\u062c\u0645\u0648\u0639\u062a\u0646\u0627 \u0647\u064a \u00a0\u00a0mars-grup.com \u0648 \u00a0coskugroup.com \u0648 lionclub.com.tr \u00a0\u00a0\u0648\u0627\u0644\u0645\u0631\u0627\u0633\u0644\u0627\u062a \u0627\u0644\u062a\u064a \u062a\u062a\u0645 \u0645\u0639 \u0631\u0633\u0627\u0626\u0644 \u0627\u0644\u0628\u0631\u064a\u062f \u0627\u0644\u0625\u0644\u0643\u062a\u0631\u0648\u0646\u064a \u0627\u0644\u0623\u062e\u0631\u0649 \u0644\u064a\u0633\u062a \u0645\u0644\u0632\u0645\u0629 \u0644\u0634\u0631\u0643\u062a\u0646\u0627.&#8221;<\/strong>[\/vc_column_text][\/vc_column][\/vc_row][vc_row css=&#8221;.vc_custom_1561411833155{margin-top: 40px !important;padding-bottom: 20px !important;}&#8221;][vc_column][vc_empty_space height=&#8221;55px&#8221;][vc_column_text]<iframe loading=\"lazy\" style=\"border: 0;\" src=\"https:\/\/www.google.com\/maps\/embed?pb=!1m18!1m12!1m3!1d3015.8502795374757!2d30.529037275574332!3d40.897099026264115!2m3!1f0!2f0!3f0!3m2!1i1024!2i768!4f13.1!3m3!1m2!1s0x409dee327ef08c1b%3A0x22cfb2bd45b5e219!2sMARS%20GRUP%20GIDA%20SAN.T%C4%B0C.A.%C5%9E.!5e0!3m2!1str!2str!4v1691180595900!5m2!1str!2str\" width=\"600\" height=\"450\" allowfullscreen=\"allowfullscreen\"><\/iframe>[\/vc_column_text][\/vc_column][\/vc_row]<\/p>\n<\/section>","protected":false},"excerpt":{"rendered":"<p>[vc_row css=&#8221;.vc_custom_1561411833155{margin-top: 40px !important;padding-bottom: 20px !important;}&#8221;][vc_column][vc_empty_space height=&#8221;15px&#8221;][vc_column_text css_animation=&#8221;fadeInLeft&#8221;] MARS GRUP GIDA SAN.T\u0130C.A.\u015e. Adres:\u00a03.OSB, 10. yol no 73, 54160 Sakarya 3. Organize Sanayi B\u00f6lgesi\/S\u00f6\u011f\u00fctl\u00fc\/Sakarya Telefon:\u00a0+90 (264) 502 10 22 Telefon:\u00a0+90 (501) 130 88 67 E-Mail :\u00a0\u00a0cosku@mars-grup.com[\/vc_column_text][vc_empty_space][vc_column_text]&#8220;\u0627\u0645\u062a\u062f\u0627\u062f\u0627\u062a \u0627\u0644\u0628\u0631\u064a\u062f \u0627\u0644\u0625\u0644\u0643\u062a\u0631\u0648\u0646\u064a \u0627\u0644\u062a\u0627\u0628\u0639\u0629 \u0644\u0645\u062c\u0645\u0648\u0639\u062a\u0646\u0627 \u0647\u064a&#8230;<\/p>\n","protected":false},"author":1,"featured_media":0,"parent":0,"menu_order":0,"comment_status":"closed","ping_status":"closed","template":"","meta":{"footnotes":""},"class_list":["post-828","page","type-page","status-publish","hentry"],"_links":{"self":[{"href":"https:\/\/mars-grup.com\/ar\/wp-json\/wp\/v2\/pages\/828","targetHints":{"allow":["GET"]}}],"collection":[{"href":"https:\/\/mars-grup.com\/ar\/wp-json\/wp\/v2\/pages"}],"about":[{"href":"https:\/\/mars-grup.com\/ar\/wp-json\/wp\/v2\/types\/page"}],"author":[{"embeddable":true,"href":"https:\/\/mars-grup.com\/ar\/wp-json\/wp\/v2\/users\/1"}],"replies":[{"embeddable":true,"href":"https:\/\/mars-grup.com\/ar\/wp-json\/wp\/v2\/comments?post=828"}],"version-history":[{"count":17,"href":"https:\/\/mars-grup.com\/ar\/wp-json\/wp\/v2\/pages\/828\/revisions"}],"predecessor-version":[{"id":1032,"href":"https:\/\/mars-grup.com\/ar\/wp-json\/wp\/v2\/pages\/828\/revisions\/1032"}],"wp:attachment":[{"href":"https:\/\/mars-grup.com\/ar\/wp-json\/wp\/v2\/media?parent=828"}],"curies":[{"name":"wp","href":"https:\/\/api.w.org\/{rel}","templated":true}]}}