{"id":557,"date":"2014-12-17T10:31:15","date_gmt":"2014-12-17T10:31:15","guid":{"rendered":"http:\/\/anpsthemes.com\/constructo\/?page_id=557"},"modified":"2014-12-17T10:31:15","modified_gmt":"2014-12-17T10:31:15","slug":"blog-grid-view","status":"publish","type":"page","link":"https:\/\/mars-grup.com\/ar\/blog-grid-view\/","title":{"rendered":"Blog grid view"},"content":{"rendered":"<section class=\"wpb-content-wrapper\"><p>[vc_row][vc_column width=&#8221;1\/1&#8243;]<div class='row'><div class=' col-md-3'><article class='post style-3'><header><a href='https:\/\/mars-grup.com\/ar\/merhaba-dunya\/' title='Merhaba d\u00fcnya!'><h1>Merhaba d\u00fcnya!<\/h1><\/a><span class='post-meta-date'>04\/08\/2023<\/span> <span class='post-meta-divider'>\/<\/span> <span class='post-meta-comments'>1 comment<\/span><\/header><div class='post-content clearfix'>\n<p>WordPress&#8217;e ho\u015f geldiniz. Bu sizin ilk yaz\u0131n\u0131z. Bu yaz\u0131y\u0131 d\u00fczenleyin ya da silin. Sonra yazmaya ba\u015flay\u0131n!<\/p>\n<\/div><\/div><div class=' col-md-3'><article class='post style-3'><header><a class='post-hover' href='https:\/\/mars-grup.com\/ar\/from-idea-to-realisation\/'><img loading=\"lazy\" decoding=\"async\" width=\"360\" height=\"175\" src=\"https:\/\/mars-grup.com\/wp-content\/uploads\/2014\/12\/20-360x175.jpg\" class=\"attachment-blog-masonry-3-columns size-blog-masonry-3-columns wp-post-image\" alt=\"\" \/><\/a><a href='https:\/\/mars-grup.com\/ar\/from-idea-to-realisation\/' title='FROM IDEA TO REALISATION'><h1>FROM IDEA TO REALISATION<\/h1><\/a><span class='post-meta-date'>12\/12\/2014<\/span> <span class='post-meta-divider'>\/<\/span> <span class='post-meta-comments'>3 comments<\/span><\/header><div class='post-content clearfix'><p>Lorem ipsum dolor sit amet, consectetur adipiscing elit. Cras eu commodo nisl. Etiam ut purus justo. In id ante commodo, eleifend felis non, cursus orci. Nullam suscipit pellentesque nisl. Quisque maximus dui dui, id vestibulum orci interdum in. Fusce sit amet quam et nulla sollicitudin varius nec eu turpis. Nulla posuere arcu sed elit lobortis, ac congue leo tristique. Integer egestas, orci vel euismod pretium, dolor lacus mollis mi, ut volutpat justo diam quis ex. Fusce lectus arcu, vehicula non risus ac, fermentum gravida justo. Morbi sit amet malesuada nisl. Donec laoreet sodales sapien. Quisque condimentum quam id felis fermentum commodo. Sed ullamcorper vehicula sapien ac gravida. Nullam tempus scelerisque odio, sed fermentum leo facilisis a. Quisque nisl metus, rutrum id neque et, sollicitudin varius risus.<\/p>\n<\/div><\/article><\/div><div class=' col-md-3'><article class='post style-3'><header><a class='post-hover' href='https:\/\/mars-grup.com\/ar\/home-renovations-with-no-fuss\/'><img loading=\"lazy\" decoding=\"async\" width=\"360\" height=\"175\" src=\"https:\/\/mars-grup.com\/wp-content\/uploads\/2014\/12\/20-360x175.jpg\" class=\"attachment-blog-masonry-3-columns size-blog-masonry-3-columns wp-post-image\" alt=\"\" \/><\/a><a href='https:\/\/mars-grup.com\/ar\/home-renovations-with-no-fuss\/' title='HOME RENOVATIONS WITH NO FUSS'><h1>HOME RENOVATIONS WITH NO FUSS<\/h1><\/a><span class='post-meta-date'>12\/12\/2014<\/span> <span class='post-meta-divider'>\/<\/span> <span class='post-meta-comments'>0 comments<\/span><\/header><div class='post-content clearfix'><p>Lorem ipsum dolor sit amet, consectetur adipiscing elit. Cras eu commodo nisl. Etiam ut purus justo. In id ante commodo, eleifend felis non, cursus orci. Nullam suscipit pellentesque nisl. Quisque maximus dui dui, id vestibulum orci interdum in. Fusce sit amet quam et nulla sollicitudin varius nec eu turpis. Nulla posuere arcu sed elit lobortis, ac congue leo tristique. Integer egestas, orci vel euismod pretium, dolor lacus mollis mi, ut volutpat justo diam quis ex. Fusce lectus arcu, vehicula non risus ac, fermentum gravida justo. Morbi sit amet malesuada nisl. Donec laoreet sodales sapien. Quisque condimentum quam id felis fermentum commodo. Sed ullamcorper vehicula sapien ac gravida. Nullam tempus scelerisque odio, sed fermentum leo facilisis a. Quisque nisl metus, rutrum id neque et, sollicitudin varius risus.<\/p>\n<\/div><\/article><\/div><div class=' col-md-3'><article class='post style-3'><header><a class='post-hover' href='https:\/\/mars-grup.com\/ar\/make-your-home-your-paradise\/'><img loading=\"lazy\" decoding=\"async\" width=\"360\" height=\"175\" src=\"https:\/\/mars-grup.com\/wp-content\/uploads\/2014\/12\/20-360x175.jpg\" class=\"attachment-blog-masonry-3-columns size-blog-masonry-3-columns wp-post-image\" alt=\"\" \/><\/a><a href='https:\/\/mars-grup.com\/ar\/make-your-home-your-paradise\/' title='MAKE YOUR HOME YOUR PARADISE'><h1>MAKE YOUR HOME YOUR PARADISE<\/h1><\/a><span class='post-meta-date'>11\/12\/2014<\/span> <span class='post-meta-divider'>\/<\/span> <span class='post-meta-comments'>1 comment<\/span><\/header><div class='post-content clearfix'><p>Lorem ipsum dolor sit amet, consectetur adipiscing elit. Donec et magna lacinia, congue enim et, dignissim ante. Nam gravida sit amet odio eu tincidunt. Sed eros tellus, fringilla in eleifend sit amet, tristique sed justo. Quisque semper iaculis velit, vel tristique quam interdum et. In molestie id nulla ac fringilla. Vestibulum pretium lectus augue, sit amet interdum lorem ultrices at. Morbi quis pellentesque nibh, commodo consequat odio. Morbi mollis fringilla felis quis ornare.<\/p>\n<\/div><\/article><\/div><div class='clearfix'><\/div><\/div><ul class='page-numbers'>\n\t<li><span aria-current=\"page\" class=\"page-numbers current\">1<\/span><\/li>\n\t<li><a class=\"page-numbers\" href=\"https:\/\/mars-grup.com\/ar\/wp-json\/wp\/v2\/pages\/557\/page\/2\/\">2<\/a><\/li>\n\t<li><a class=\"next page-numbers\" href=\"https:\/\/mars-grup.com\/ar\/wp-json\/wp\/v2\/pages\/557\/page\/2\/\"><\/a><\/li>\n<\/ul>\n[\/vc_column][\/vc_row]<\/p>\n<\/section>","protected":false},"excerpt":{"rendered":"<p>[vc_row][vc_column width=&#8221;1\/1&#8243;][\/vc_column][\/vc_row]<\/p>\n","protected":false},"author":1,"featured_media":0,"parent":0,"menu_order":0,"comment_status":"open","ping_status":"open","template":"","meta":{"footnotes":""},"class_list":["post-557","page","type-page","status-publish","hentry"],"_links":{"self":[{"href":"https:\/\/mars-grup.com\/ar\/wp-json\/wp\/v2\/pages\/557","targetHints":{"allow":["GET"]}}],"collection":[{"href":"https:\/\/mars-grup.com\/ar\/wp-json\/wp\/v2\/pages"}],"about":[{"href":"https:\/\/mars-grup.com\/ar\/wp-json\/wp\/v2\/types\/page"}],"author":[{"embeddable":true,"href":"https:\/\/mars-grup.com\/ar\/wp-json\/wp\/v2\/users\/1"}],"replies":[{"embeddable":true,"href":"https:\/\/mars-grup.com\/ar\/wp-json\/wp\/v2\/comments?post=557"}],"version-history":[{"count":0,"href":"https:\/\/mars-grup.com\/ar\/wp-json\/wp\/v2\/pages\/557\/revisions"}],"wp:attachment":[{"href":"https:\/\/mars-grup.com\/ar\/wp-json\/wp\/v2\/media?parent=557"}],"curies":[{"name":"wp","href":"https:\/\/api.w.org\/{rel}","templated":true}]}}